{"id":17016,"date":"2023-11-28T09:09:33","date_gmt":"2023-11-28T09:09:33","guid":{"rendered":"https:\/\/www.floressence.ch\/product\/ricarica-lamparfum-rosa-tabacco\/"},"modified":"2026-03-20T09:17:04","modified_gmt":"2026-03-20T09:17:04","slug":"ricarica-lamparfum-rosa-tabacco","status":"publish","type":"product","link":"https:\/\/www.floressence.ch\/de\/product\/nachfullpackung-fur-tabakrosa-lampparfum\/","title":{"rendered":"TABAKROSA-LAMPARFUM-NACHF\u00dcLLUNG"},"content":{"rendered":"<p>Die Lamparfum-Nachf\u00fcllung ist im Einzelformat von 500 ml und in einer Auswahl von Dr. Vranjes Firenze-D\u00fcften erh\u00e4ltlich. Es enth\u00e4lt keinen neuen Docht, der separat erworben werden kann, und ist mit dem Original-Lamparfum von Dr. Vranjes Firenze und anderen zertifizierten katalytischen Lampen kompatibel.<\/p>","protected":false},"excerpt":{"rendered":"<p>Die Lamparfum-Nachf\u00fcllung ist im Einzelformat von 500 ml und in einer Auswahl von Dr. Vranjes Firenze-D\u00fcften erh\u00e4ltlich. Es enth\u00e4lt keinen neuen Docht, der separat erworben werden kann, und ist mit dem Original-Lamparfum von Dr. Vranjes Firenze und anderen zertifizierten katalytischen Lampen kompatibel.<\/p>","protected":false},"featured_media":17015,"template":"","meta":{"_joinchat":[]},"product_cat":[29,73,127],"product_tag":[],"_links":{"self":[{"href":"https:\/\/www.floressence.ch\/de\/wp-json\/wp\/v2\/product\/17016"}],"collection":[{"href":"https:\/\/www.floressence.ch\/de\/wp-json\/wp\/v2\/product"}],"about":[{"href":"https:\/\/www.floressence.ch\/de\/wp-json\/wp\/v2\/types\/product"}],"wp:featuredmedia":[{"embeddable":true,"href":"https:\/\/www.floressence.ch\/de\/wp-json\/wp\/v2\/media\/17015"}],"wp:attachment":[{"href":"https:\/\/www.floressence.ch\/de\/wp-json\/wp\/v2\/media?parent=17016"}],"wp:term":[{"taxonomy":"product_cat","embeddable":true,"href":"https:\/\/www.floressence.ch\/de\/wp-json\/wp\/v2\/product_cat?post=17016"},{"taxonomy":"product_tag","embeddable":true,"href":"https:\/\/www.floressence.ch\/de\/wp-json\/wp\/v2\/product_tag?post=17016"}],"curies":[{"name":"wp","href":"https:\/\/api.w.org\/{rel}","templated":true}]}}