{"id":17085,"date":"2023-11-28T09:19:59","date_gmt":"2023-11-28T09:19:59","guid":{"rendered":"https:\/\/www.floressence.ch\/product\/candela-rosso-nobile-tormalina\/"},"modified":"2026-04-01T12:00:28","modified_gmt":"2026-04-01T12:00:28","slug":"candela-rosso-nobile-tormalina","status":"publish","type":"product","link":"https:\/\/www.floressence.ch\/de\/product\/edle-rote-turmalinkerze\/","title":{"rendered":"Edle rote Turmalinkerze"},"content":{"rendered":"<p>Die Duftkerze Rosso Nobile ist die Quintessenz der Toskana. In seiner eleganten Turmalinglasvase parf\u00fcmiert und dekoriert es Ihre R\u00e4ume und verstr\u00f6mt Herznoten von Pflaumen, Erdbeeren und Beeren. Verw\u00f6hnen Sie Ihre Sinne mit dem Duft erlesenen toskanischen Rotweins.<\/p>","protected":false},"excerpt":{"rendered":"<p>Die Duftkerze Rosso Nobile ist die Quintessenz der Toskana. In seiner eleganten Turmalinglasvase parf\u00fcmiert und dekoriert es Ihre R\u00e4ume und verstr\u00f6mt Herznoten von Pflaumen, Erdbeeren und Beeren. Verw\u00f6hnen Sie Ihre Sinne mit dem Duft erlesenen toskanischen Rotweins.<\/p>","protected":false},"featured_media":18144,"template":"","meta":{"_joinchat":[]},"product_cat":[205,180,29],"product_tag":[],"_links":{"self":[{"href":"https:\/\/www.floressence.ch\/de\/wp-json\/wp\/v2\/product\/17085"}],"collection":[{"href":"https:\/\/www.floressence.ch\/de\/wp-json\/wp\/v2\/product"}],"about":[{"href":"https:\/\/www.floressence.ch\/de\/wp-json\/wp\/v2\/types\/product"}],"wp:featuredmedia":[{"embeddable":true,"href":"https:\/\/www.floressence.ch\/de\/wp-json\/wp\/v2\/media\/18144"}],"wp:attachment":[{"href":"https:\/\/www.floressence.ch\/de\/wp-json\/wp\/v2\/media?parent=17085"}],"wp:term":[{"taxonomy":"product_cat","embeddable":true,"href":"https:\/\/www.floressence.ch\/de\/wp-json\/wp\/v2\/product_cat?post=17085"},{"taxonomy":"product_tag","embeddable":true,"href":"https:\/\/www.floressence.ch\/de\/wp-json\/wp\/v2\/product_tag?post=17085"}],"curies":[{"name":"wp","href":"https:\/\/api.w.org\/{rel}","templated":true}]}}