{"id":17091,"date":"2023-11-28T09:20:17","date_gmt":"2023-11-28T09:20:17","guid":{"rendered":"https:\/\/www.floressence.ch\/product\/candela-melograno-tormalina\/"},"modified":"2026-02-16T16:01:02","modified_gmt":"2026-02-16T16:01:02","slug":"candela-melograno-tormalina","status":"publish","type":"product","link":"https:\/\/www.floressence.ch\/de\/product\/turmalin-granatapfel-kerze\/","title":{"rendered":"GRANATAPFEL-TURMALIN-KERZE"},"content":{"rendered":"<p>Die Duftkerze Granatapfel hat eine Pers\u00f6nlichkeit voller \u00dcberraschungen. In seiner eleganten Turmalinglasvase m\u00f6bliert und parf\u00fcmiert es Ihre R\u00e4ume und verleiht ihm dank seiner fruchtigen Noten von Wassermelone, Bergamotte, Cassis und roten Trauben eine Aura der Lebendigkeit<\/p>","protected":false},"excerpt":{"rendered":"<p>Die Duftkerze Granatapfel hat eine Pers\u00f6nlichkeit voller \u00dcberraschungen. In seiner eleganten Turmalinglasvase m\u00f6bliert und parf\u00fcmiert es Ihre R\u00e4ume und verleiht ihm dank seiner fruchtigen Noten von Wassermelone, Bergamotte, Cassis und roten Trauben eine Aura der Lebendigkeit<\/p>","protected":false},"featured_media":18139,"template":"","meta":{"_joinchat":[]},"product_cat":[205,180,29],"product_tag":[],"_links":{"self":[{"href":"https:\/\/www.floressence.ch\/de\/wp-json\/wp\/v2\/product\/17091"}],"collection":[{"href":"https:\/\/www.floressence.ch\/de\/wp-json\/wp\/v2\/product"}],"about":[{"href":"https:\/\/www.floressence.ch\/de\/wp-json\/wp\/v2\/types\/product"}],"wp:featuredmedia":[{"embeddable":true,"href":"https:\/\/www.floressence.ch\/de\/wp-json\/wp\/v2\/media\/18139"}],"wp:attachment":[{"href":"https:\/\/www.floressence.ch\/de\/wp-json\/wp\/v2\/media?parent=17091"}],"wp:term":[{"taxonomy":"product_cat","embeddable":true,"href":"https:\/\/www.floressence.ch\/de\/wp-json\/wp\/v2\/product_cat?post=17091"},{"taxonomy":"product_tag","embeddable":true,"href":"https:\/\/www.floressence.ch\/de\/wp-json\/wp\/v2\/product_tag?post=17091"}],"curies":[{"name":"wp","href":"https:\/\/api.w.org\/{rel}","templated":true}]}}