{"id":17093,"date":"2023-11-28T09:20:23","date_gmt":"2023-11-28T09:20:23","guid":{"rendered":"https:\/\/www.floressence.ch\/product\/candela-rosa-tabacco-onice\/"},"modified":"2026-03-27T08:44:37","modified_gmt":"2026-03-27T08:44:37","slug":"candela-rosa-tabacco-onice","status":"publish","type":"product","link":"https:\/\/www.floressence.ch\/de\/product\/rosa-tabak-onyx-kerze\/","title":{"rendered":"ROSA TABAK-ONYX-KERZE"},"content":{"rendered":"<p>Die Duftkerze Tobacco Rose hat einen kr\u00e4ftigen und zarten Charakter.<br \/>\nIn einer kostbaren Glasvase in der Farbe Onyx m\u00f6bliert und parf\u00fcmiert es Ihre R\u00e4ume und schafft rundherum eine verf\u00fchrerische Atmosph\u00e4re mit Noten von Rose, Tabak und Veilchen.<\/p>","protected":false},"excerpt":{"rendered":"<p>La candela d&#8217;arredo profumata Rosa Tabacco ha un carattere audace e delicato. Racchiusa in un prezioso vaso in vetro color Onice, arreda e profuma i tuoi spazi creando tutt&#8217;attorno un&#8217;atmosfera seducente composta da note di rosa, tabacco e violetta.<\/p>","protected":false},"featured_media":18141,"template":"","meta":{"_joinchat":[]},"product_cat":[205,180,29],"product_tag":[],"_links":{"self":[{"href":"https:\/\/www.floressence.ch\/de\/wp-json\/wp\/v2\/product\/17093"}],"collection":[{"href":"https:\/\/www.floressence.ch\/de\/wp-json\/wp\/v2\/product"}],"about":[{"href":"https:\/\/www.floressence.ch\/de\/wp-json\/wp\/v2\/types\/product"}],"wp:featuredmedia":[{"embeddable":true,"href":"https:\/\/www.floressence.ch\/de\/wp-json\/wp\/v2\/media\/18141"}],"wp:attachment":[{"href":"https:\/\/www.floressence.ch\/de\/wp-json\/wp\/v2\/media?parent=17093"}],"wp:term":[{"taxonomy":"product_cat","embeddable":true,"href":"https:\/\/www.floressence.ch\/de\/wp-json\/wp\/v2\/product_cat?post=17093"},{"taxonomy":"product_tag","embeddable":true,"href":"https:\/\/www.floressence.ch\/de\/wp-json\/wp\/v2\/product_tag?post=17093"}],"curies":[{"name":"wp","href":"https:\/\/api.w.org\/{rel}","templated":true}]}}