{"id":17095,"date":"2023-11-28T09:20:29","date_gmt":"2023-11-28T09:20:29","guid":{"rendered":"https:\/\/www.floressence.ch\/product\/gift-box-gold-fragranza-250-ml-candela-200-gr\/"},"modified":"2025-12-19T12:09:06","modified_gmt":"2025-12-19T12:09:06","slug":"gift-box-gold-fragranza-250-ml-candela-200-gr","status":"publish","type":"product","link":"https:\/\/www.floressence.ch\/de\/product\/gift-box-gold-fragranza-250-ml-candela-200-gr\/","title":{"rendered":"GESCHENKBOX GOLD \u2013 Duft 250 ml + Kerze 200 gr"},"content":{"rendered":"<p>Eine kostbare Box f\u00fcr Liebhaber verzauberter Atmosph\u00e4ren.<br \/>\n\u00dcberraschen Sie Ihre Liebsten mit ihrem Lieblingsduft im wunderbaren Duo bestehend aus Diffusor und Kerze.<\/p>","protected":false},"excerpt":{"rendered":"<p>Eine kostbare Box f\u00fcr Liebhaber verzauberter Atmosph\u00e4ren. \u00dcberraschen Sie Ihre Liebsten mit ihrem Lieblingsduft im wunderbaren Duo bestehend aus Diffusor und Kerze.<\/p>","protected":false},"featured_media":0,"template":"","meta":{"_joinchat":[]},"product_cat":[152],"product_tag":[],"_links":{"self":[{"href":"https:\/\/www.floressence.ch\/de\/wp-json\/wp\/v2\/product\/17095"}],"collection":[{"href":"https:\/\/www.floressence.ch\/de\/wp-json\/wp\/v2\/product"}],"about":[{"href":"https:\/\/www.floressence.ch\/de\/wp-json\/wp\/v2\/types\/product"}],"wp:attachment":[{"href":"https:\/\/www.floressence.ch\/de\/wp-json\/wp\/v2\/media?parent=17095"}],"wp:term":[{"taxonomy":"product_cat","embeddable":true,"href":"https:\/\/www.floressence.ch\/de\/wp-json\/wp\/v2\/product_cat?post=17095"},{"taxonomy":"product_tag","embeddable":true,"href":"https:\/\/www.floressence.ch\/de\/wp-json\/wp\/v2\/product_tag?post=17095"}],"curies":[{"name":"wp","href":"https:\/\/api.w.org\/{rel}","templated":true}]}}