{"id":17117,"date":"2023-11-28T09:21:34","date_gmt":"2023-11-28T09:21:34","guid":{"rendered":"https:\/\/www.floressence.ch\/product\/giardino-di-boboli\/"},"modified":"2026-04-01T12:30:27","modified_gmt":"2026-04-01T12:30:27","slug":"giardino-di-boboli","status":"publish","type":"product","link":"https:\/\/www.floressence.ch\/de\/product\/bobolis-garten\/","title":{"rendered":"BOBOLIS GARTEN"},"content":{"rendered":"<p>Giardino di Boboli ist ein Raumduft mit edler Seele.<br \/>\nEs enth\u00e4lt Noten von Zitrusbl\u00fcten, gekonnt gemischt mit Rosen, Jasmin und gr\u00fcnem Moos.<br \/>\nZum Abschluss kr\u00f6nt der Diffusor seine aromatische Pers\u00f6nlichkeit mit Galbanharz, wilder Minze und Zypressenholz.<\/p>","protected":false},"excerpt":{"rendered":"<p>Giardino di Boboli \u00e8 una fragranza d&#8217;ambiente dall&#8217;animo nobile. Racchiude note di fiori agrumati sapientemente mixate con rose, gelsomini e muschio verde. A chiudere, il diffusore corona la sua personalit\u00e0 aromatica con galbano, mentuccia selvatica e legno di cipresso.<\/p>","protected":false},"featured_media":18109,"template":"","meta":{"_joinchat":[]},"product_cat":[150,149,151,29],"product_tag":[],"_links":{"self":[{"href":"https:\/\/www.floressence.ch\/de\/wp-json\/wp\/v2\/product\/17117"}],"collection":[{"href":"https:\/\/www.floressence.ch\/de\/wp-json\/wp\/v2\/product"}],"about":[{"href":"https:\/\/www.floressence.ch\/de\/wp-json\/wp\/v2\/types\/product"}],"wp:featuredmedia":[{"embeddable":true,"href":"https:\/\/www.floressence.ch\/de\/wp-json\/wp\/v2\/media\/18109"}],"wp:attachment":[{"href":"https:\/\/www.floressence.ch\/de\/wp-json\/wp\/v2\/media?parent=17117"}],"wp:term":[{"taxonomy":"product_cat","embeddable":true,"href":"https:\/\/www.floressence.ch\/de\/wp-json\/wp\/v2\/product_cat?post=17117"},{"taxonomy":"product_tag","embeddable":true,"href":"https:\/\/www.floressence.ch\/de\/wp-json\/wp\/v2\/product_tag?post=17117"}],"curies":[{"name":"wp","href":"https:\/\/api.w.org\/{rel}","templated":true}]}}