{"id":17126,"date":"2023-11-28T09:22:01","date_gmt":"2023-11-28T09:22:01","guid":{"rendered":"https:\/\/www.floressence.ch\/product\/mirra-zafferano\/"},"modified":"2026-03-28T12:13:34","modified_gmt":"2026-03-28T12:13:34","slug":"mirra-zafferano","status":"publish","type":"product","link":"https:\/\/www.floressence.ch\/de\/product\/safranmyrrhe\/","title":{"rendered":"MYRRHE SAFFRAN"},"content":{"rendered":"<p>Der Raumduft Mirra Zafferano von Dr. Vranjes Firenze verleiht Ihren Tagen dank der Noten von Bergamotte, Myrrhe und Amber, angereichert mit Safran, Weihrauch und Vanille, eine raffinierte, s\u00fc\u00dfe und k\u00f6stliche Note.<\/p>","protected":false},"excerpt":{"rendered":"<p>Der Raumduft Mirra Zafferano von Dr. Vranjes Firenze verleiht Ihren Tagen dank der Noten von Bergamotte, Myrrhe und Amber, angereichert mit Safran, Weihrauch und Vanille, eine raffinierte, s\u00fc\u00dfe und k\u00f6stliche Note.<\/p>","protected":false},"featured_media":18129,"template":"","meta":{"_joinchat":[]},"product_cat":[150,149,151,29],"product_tag":[],"_links":{"self":[{"href":"https:\/\/www.floressence.ch\/de\/wp-json\/wp\/v2\/product\/17126"}],"collection":[{"href":"https:\/\/www.floressence.ch\/de\/wp-json\/wp\/v2\/product"}],"about":[{"href":"https:\/\/www.floressence.ch\/de\/wp-json\/wp\/v2\/types\/product"}],"wp:featuredmedia":[{"embeddable":true,"href":"https:\/\/www.floressence.ch\/de\/wp-json\/wp\/v2\/media\/18129"}],"wp:attachment":[{"href":"https:\/\/www.floressence.ch\/de\/wp-json\/wp\/v2\/media?parent=17126"}],"wp:term":[{"taxonomy":"product_cat","embeddable":true,"href":"https:\/\/www.floressence.ch\/de\/wp-json\/wp\/v2\/product_cat?post=17126"},{"taxonomy":"product_tag","embeddable":true,"href":"https:\/\/www.floressence.ch\/de\/wp-json\/wp\/v2\/product_tag?post=17126"}],"curies":[{"name":"wp","href":"https:\/\/api.w.org\/{rel}","templated":true}]}}