{"id":17129,"date":"2023-11-28T09:22:10","date_gmt":"2023-11-28T09:22:10","guid":{"rendered":"https:\/\/www.floressence.ch\/product\/petali-di-rose\/"},"modified":"2026-04-17T16:23:24","modified_gmt":"2026-04-17T16:23:24","slug":"petali-di-rose","status":"publish","type":"product","link":"https:\/\/www.floressence.ch\/de\/product\/rosenblatter\/","title":{"rendered":"ROSENBL\u00dcTENBL\u00c4TTER"},"content":{"rendered":"<p>Der Raumduft Petali di Rose von Dr. Vranjes ist eine verf\u00fchrerische Hommage an drei kostbare Rosen (Mairose, Bulgarische und T\u00fcrkische).<br \/>\nDank der Noten von Amber, Jasmin und wei\u00dfem Moschus ist Petali di Rose ein Parf\u00fcm, das den Charme und die Eleganz derjenigen unterstreicht, die es w\u00e4hlen.<\/p>","protected":false},"excerpt":{"rendered":"<p>La fragranza d&#8217;ambiente Petali di Rose di Dr. Vranjes \u00e8 un omaggio seducente a tre rose pregiate (rosa di maggio, bulgara e turca). Grazie alle note di ambra, gelsomino e muschio bianco, Petali di Rose \u00e8 un profumo che esalta il fascino e l&#8217;eleganza di chi lo sceglie.<\/p>","protected":false},"featured_media":18120,"template":"","meta":{"_joinchat":[]},"product_cat":[150,149,151,29],"product_tag":[],"_links":{"self":[{"href":"https:\/\/www.floressence.ch\/de\/wp-json\/wp\/v2\/product\/17129"}],"collection":[{"href":"https:\/\/www.floressence.ch\/de\/wp-json\/wp\/v2\/product"}],"about":[{"href":"https:\/\/www.floressence.ch\/de\/wp-json\/wp\/v2\/types\/product"}],"wp:featuredmedia":[{"embeddable":true,"href":"https:\/\/www.floressence.ch\/de\/wp-json\/wp\/v2\/media\/18120"}],"wp:attachment":[{"href":"https:\/\/www.floressence.ch\/de\/wp-json\/wp\/v2\/media?parent=17129"}],"wp:term":[{"taxonomy":"product_cat","embeddable":true,"href":"https:\/\/www.floressence.ch\/de\/wp-json\/wp\/v2\/product_cat?post=17129"},{"taxonomy":"product_tag","embeddable":true,"href":"https:\/\/www.floressence.ch\/de\/wp-json\/wp\/v2\/product_tag?post=17129"}],"curies":[{"name":"wp","href":"https:\/\/api.w.org\/{rel}","templated":true}]}}