{"id":17472,"date":"2023-11-28T10:12:05","date_gmt":"2023-11-28T10:12:05","guid":{"rendered":"https:\/\/www.floressence.ch\/product\/body-mist-milano\/"},"modified":"2026-01-26T16:33:01","modified_gmt":"2026-01-26T16:33:01","slug":"body-mist-milano","status":"publish","type":"product","link":"https:\/\/www.floressence.ch\/de\/product\/korperspray-mailand\/","title":{"rendered":"K\u00d6RPERNEBEL MAILAND"},"content":{"rendered":"<p>Body Mist ist ein duftendes K\u00f6rperspray, das Ihre Haut \u00fcberall erfrischt, tonisiert und verw\u00f6hnt. Die Experten der Dr. Vranjes Firenze Laboratories haben diese Formel auf Basis von Aloe- und Rote-Bete-Extrakten entwickelt.<\/p>","protected":false},"excerpt":{"rendered":"<p>Body Mist ist ein duftendes K\u00f6rperspray, das Ihre Haut \u00fcberall erfrischt, tonisiert und verw\u00f6hnt. Die Experten der Dr. Vranjes Firenze Laboratories haben diese Formel auf Basis von Aloe- und Rote-Bete-Extrakten entwickelt.<\/p>","protected":false},"featured_media":17469,"template":"","meta":{"_joinchat":[]},"product_cat":[154,160,153],"product_tag":[],"_links":{"self":[{"href":"https:\/\/www.floressence.ch\/de\/wp-json\/wp\/v2\/product\/17472"}],"collection":[{"href":"https:\/\/www.floressence.ch\/de\/wp-json\/wp\/v2\/product"}],"about":[{"href":"https:\/\/www.floressence.ch\/de\/wp-json\/wp\/v2\/types\/product"}],"wp:featuredmedia":[{"embeddable":true,"href":"https:\/\/www.floressence.ch\/de\/wp-json\/wp\/v2\/media\/17469"}],"wp:attachment":[{"href":"https:\/\/www.floressence.ch\/de\/wp-json\/wp\/v2\/media?parent=17472"}],"wp:term":[{"taxonomy":"product_cat","embeddable":true,"href":"https:\/\/www.floressence.ch\/de\/wp-json\/wp\/v2\/product_cat?post=17472"},{"taxonomy":"product_tag","embeddable":true,"href":"https:\/\/www.floressence.ch\/de\/wp-json\/wp\/v2\/product_tag?post=17472"}],"curies":[{"name":"wp","href":"https:\/\/api.w.org\/{rel}","templated":true}]}}