{"id":17488,"date":"2023-11-28T10:13:42","date_gmt":"2023-11-28T10:13:42","guid":{"rendered":"https:\/\/www.floressence.ch\/product\/hair-mist-ambra\/"},"modified":"2025-05-30T12:39:53","modified_gmt":"2025-05-30T12:39:53","slug":"hair-mist-ambra","status":"publish","type":"product","link":"https:\/\/www.floressence.ch\/de\/product\/haarspray-bernstein\/","title":{"rendered":"HAARNEBEL BERNSTEIN"},"content":{"rendered":"<p>Der Hair Mist von Dr. Vranjes Firenze ist ein parf\u00fcmiertes Haarspray, das Ihr Haar mit einer langanhaltenden Parf\u00fcmwolke umh\u00fcllt, ohne es zu beschweren.<br \/>\nDank der Formel aus Kokosbl\u00fcten und Tiar\u00e9 bleibt Ihr Haar den ganzen Tag \u00fcber gl\u00e4nzend, erfrischt und duftend.<\/p>","protected":false},"excerpt":{"rendered":"<p>L&#8217;Hair Mist di Dr. Vranjes Firenze \u00e9 uno spray profumato per capelli che li avvolge in una nuvola di profumo a lunga durata, senza appesantirli. Grazie alla sua formula composta da fiori di cocco e Tiar\u00e9, i tuoi capelli risulteranno brillanti, rinfrescati e profumati per tutto il giorno.<\/p>","protected":false},"featured_media":17485,"template":"","meta":{"_joinchat":[]},"product_cat":[154,173,153],"product_tag":[],"_links":{"self":[{"href":"https:\/\/www.floressence.ch\/de\/wp-json\/wp\/v2\/product\/17488"}],"collection":[{"href":"https:\/\/www.floressence.ch\/de\/wp-json\/wp\/v2\/product"}],"about":[{"href":"https:\/\/www.floressence.ch\/de\/wp-json\/wp\/v2\/types\/product"}],"wp:featuredmedia":[{"embeddable":true,"href":"https:\/\/www.floressence.ch\/de\/wp-json\/wp\/v2\/media\/17485"}],"wp:attachment":[{"href":"https:\/\/www.floressence.ch\/de\/wp-json\/wp\/v2\/media?parent=17488"}],"wp:term":[{"taxonomy":"product_cat","embeddable":true,"href":"https:\/\/www.floressence.ch\/de\/wp-json\/wp\/v2\/product_cat?post=17488"},{"taxonomy":"product_tag","embeddable":true,"href":"https:\/\/www.floressence.ch\/de\/wp-json\/wp\/v2\/product_tag?post=17488"}],"curies":[{"name":"wp","href":"https:\/\/api.w.org\/{rel}","templated":true}]}}