{"id":17500,"date":"2023-11-28T10:15:00","date_gmt":"2023-11-28T10:15:00","guid":{"rendered":"https:\/\/www.floressence.ch\/product\/body-lotion-milano\/"},"modified":"2026-01-26T16:41:02","modified_gmt":"2026-01-26T16:41:02","slug":"body-lotion-milano","status":"publish","type":"product","link":"https:\/\/www.floressence.ch\/de\/product\/korperlotion-mailand\/","title":{"rendered":"K\u00d6RPERLOTION MAILAND"},"content":{"rendered":"<p>Die Body Lotion von Dr. Vranjes Firenze weckt Ihre Haut mit N\u00e4hrstoffen und bietet ihr eine sanft duftende Verw\u00f6hnung.<br \/>\nReich an Vitamin E verleiht die Body Lotion Ihrer Haut einen strahlenden Effekt.<\/p>","protected":false},"excerpt":{"rendered":"<p>Die Body Lotion von Dr. Vranjes Firenze weckt Ihre Haut mit N\u00e4hrstoffen und bietet ihr eine sanft duftende Verw\u00f6hnung. Reich an Vitamin E verleiht die Body Lotion Ihrer Haut einen strahlenden Effekt.<\/p>","protected":false},"featured_media":17497,"template":"","meta":{"_joinchat":[]},"product_cat":[154,172,153],"product_tag":[],"_links":{"self":[{"href":"https:\/\/www.floressence.ch\/de\/wp-json\/wp\/v2\/product\/17500"}],"collection":[{"href":"https:\/\/www.floressence.ch\/de\/wp-json\/wp\/v2\/product"}],"about":[{"href":"https:\/\/www.floressence.ch\/de\/wp-json\/wp\/v2\/types\/product"}],"wp:featuredmedia":[{"embeddable":true,"href":"https:\/\/www.floressence.ch\/de\/wp-json\/wp\/v2\/media\/17497"}],"wp:attachment":[{"href":"https:\/\/www.floressence.ch\/de\/wp-json\/wp\/v2\/media?parent=17500"}],"wp:term":[{"taxonomy":"product_cat","embeddable":true,"href":"https:\/\/www.floressence.ch\/de\/wp-json\/wp\/v2\/product_cat?post=17500"},{"taxonomy":"product_tag","embeddable":true,"href":"https:\/\/www.floressence.ch\/de\/wp-json\/wp\/v2\/product_tag?post=17500"}],"curies":[{"name":"wp","href":"https:\/\/api.w.org\/{rel}","templated":true}]}}