{"id":17508,"date":"2023-11-28T10:15:52","date_gmt":"2023-11-28T10:15:52","guid":{"rendered":"https:\/\/www.floressence.ch\/product\/body-lotion-ginger-lime\/"},"modified":"2025-05-05T10:04:46","modified_gmt":"2025-05-05T10:04:46","slug":"body-lotion-ginger-lime","status":"publish","type":"product","link":"https:\/\/www.floressence.ch\/de\/product\/korperlotion-ingwer-limette\/","title":{"rendered":"K\u00d6RPERLOTION INGWER LIME"},"content":{"rendered":"<p>Die Body Lotion von Dr. Vranjes Firenze weckt Ihre Haut mit N\u00e4hrstoffen und bietet ihr eine sanft duftende Verw\u00f6hnung.<br \/>\nReich an Vitamin E verleiht die Body Lotion Ihrer Haut einen strahlenden Effekt.<\/p>","protected":false},"excerpt":{"rendered":"<p>Die Body Lotion von Dr. Vranjes Firenze weckt Ihre Haut mit N\u00e4hrstoffen und bietet ihr eine sanft duftende Verw\u00f6hnung. Reich an Vitamin E verleiht die Body Lotion Ihrer Haut einen strahlenden Effekt.<\/p>","protected":false},"featured_media":17505,"template":"","meta":{"_joinchat":[]},"product_cat":[154,172,153],"product_tag":[],"_links":{"self":[{"href":"https:\/\/www.floressence.ch\/de\/wp-json\/wp\/v2\/product\/17508"}],"collection":[{"href":"https:\/\/www.floressence.ch\/de\/wp-json\/wp\/v2\/product"}],"about":[{"href":"https:\/\/www.floressence.ch\/de\/wp-json\/wp\/v2\/types\/product"}],"wp:featuredmedia":[{"embeddable":true,"href":"https:\/\/www.floressence.ch\/de\/wp-json\/wp\/v2\/media\/17505"}],"wp:attachment":[{"href":"https:\/\/www.floressence.ch\/de\/wp-json\/wp\/v2\/media?parent=17508"}],"wp:term":[{"taxonomy":"product_cat","embeddable":true,"href":"https:\/\/www.floressence.ch\/de\/wp-json\/wp\/v2\/product_cat?post=17508"},{"taxonomy":"product_tag","embeddable":true,"href":"https:\/\/www.floressence.ch\/de\/wp-json\/wp\/v2\/product_tag?post=17508"}],"curies":[{"name":"wp","href":"https:\/\/api.w.org\/{rel}","templated":true}]}}