{"id":17908,"date":"2023-11-28T10:52:44","date_gmt":"2023-11-28T10:52:44","guid":{"rendered":"https:\/\/www.floressence.ch\/product\/eau-de-parfum-leather-oud-100-ml\/"},"modified":"2026-03-05T17:07:07","modified_gmt":"2026-03-05T17:07:07","slug":"eau-de-parfum-leather-oud-100-ml","status":"publish","type":"product","link":"https:\/\/www.floressence.ch\/de\/product\/eau-de-parfum-leder-oud-100-ml\/","title":{"rendered":"Eau De Parfum LEDER OUD 100 ml"},"content":{"rendered":"<p>Das Original Eau de Parfum Leather Oud hat eine intensive und \u00fcppige, exotische und umh\u00fcllende Pers\u00f6nlichkeit, die aus nah\u00f6stlichem Oud, toskanischem Leder, Rose, Maigl\u00f6ckchen, Himbeere, Weihrauch, Moschus, Vanille und Amber besteht.<br \/>\nLeather Oud von Dr. Vranjes Firenze zelebriert die Sch\u00f6nheit des Menschen in einem Parf\u00fcm.<\/p>","protected":false},"excerpt":{"rendered":"<p>L&#8217;originale Eau de Parfum Leather Oud ha una personalit\u00e0 intensa e lussureggiante, esotica e avvolgente composta da oud mediorientale, cuoio toscano, rosa, mughetto, lampone, incenso, muschio, vaniglia e ambra. Leather Oud di Dr. Vranjes Firenze celebra in un profumo, la bellezza dell\u2019essere umano.<\/p>","protected":false},"featured_media":17904,"template":"","meta":{"_joinchat":[]},"product_cat":[182,153],"product_tag":[],"_links":{"self":[{"href":"https:\/\/www.floressence.ch\/de\/wp-json\/wp\/v2\/product\/17908"}],"collection":[{"href":"https:\/\/www.floressence.ch\/de\/wp-json\/wp\/v2\/product"}],"about":[{"href":"https:\/\/www.floressence.ch\/de\/wp-json\/wp\/v2\/types\/product"}],"wp:featuredmedia":[{"embeddable":true,"href":"https:\/\/www.floressence.ch\/de\/wp-json\/wp\/v2\/media\/17904"}],"wp:attachment":[{"href":"https:\/\/www.floressence.ch\/de\/wp-json\/wp\/v2\/media?parent=17908"}],"wp:term":[{"taxonomy":"product_cat","embeddable":true,"href":"https:\/\/www.floressence.ch\/de\/wp-json\/wp\/v2\/product_cat?post=17908"},{"taxonomy":"product_tag","embeddable":true,"href":"https:\/\/www.floressence.ch\/de\/wp-json\/wp\/v2\/product_tag?post=17908"}],"curies":[{"name":"wp","href":"https:\/\/api.w.org\/{rel}","templated":true}]}}