{"id":17022,"date":"2023-11-28T09:09:54","date_gmt":"2023-11-28T09:09:54","guid":{"rendered":"https:\/\/www.floressence.ch\/product\/ricarica-lamparfum-ginger-lime\/"},"modified":"2026-03-27T13:55:36","modified_gmt":"2026-03-27T13:55:36","slug":"ricarica-lamparfum-ginger-lime","status":"publish","type":"product","link":"https:\/\/www.floressence.ch\/fr\/product\/recharge-de-citron-vert-lamparfum-gingembre\/","title":{"rendered":"RECHARGE LAMPARFUM GINGEMBRE LIME"},"content":{"rendered":"<p>La recharge Lamparfum est disponible en format unique de 500 ml et dans une s\u00e9lection de parfums Dr. Vranjes Firenze. Il ne comprend pas de nouvelle m\u00e8che, qui peut \u00eatre achet\u00e9e s\u00e9par\u00e9ment, et est compatible avec le Lamparfum original du Dr Vranjes Firenze et d&#039;autres lampes catalytiques certifi\u00e9es.<\/p>","protected":false},"excerpt":{"rendered":"<p>La recharge Lamparfum est disponible en format unique de 500 ml et dans une s\u00e9lection de parfums Dr. Vranjes Firenze. Il ne comprend pas de nouvelle m\u00e8che, qui peut \u00eatre achet\u00e9e s\u00e9par\u00e9ment, et est compatible avec le Lamparfum original du Dr Vranjes Firenze et d&#039;autres lampes catalytiques certifi\u00e9es.<\/p>","protected":false},"featured_media":17021,"template":"","meta":{"_joinchat":[]},"product_cat":[29,73,127],"product_tag":[],"_links":{"self":[{"href":"https:\/\/www.floressence.ch\/fr\/wp-json\/wp\/v2\/product\/17022"}],"collection":[{"href":"https:\/\/www.floressence.ch\/fr\/wp-json\/wp\/v2\/product"}],"about":[{"href":"https:\/\/www.floressence.ch\/fr\/wp-json\/wp\/v2\/types\/product"}],"wp:featuredmedia":[{"embeddable":true,"href":"https:\/\/www.floressence.ch\/fr\/wp-json\/wp\/v2\/media\/17021"}],"wp:attachment":[{"href":"https:\/\/www.floressence.ch\/fr\/wp-json\/wp\/v2\/media?parent=17022"}],"wp:term":[{"taxonomy":"product_cat","embeddable":true,"href":"https:\/\/www.floressence.ch\/fr\/wp-json\/wp\/v2\/product_cat?post=17022"},{"taxonomy":"product_tag","embeddable":true,"href":"https:\/\/www.floressence.ch\/fr\/wp-json\/wp\/v2\/product_tag?post=17022"}],"curies":[{"name":"wp","href":"https:\/\/api.w.org\/{rel}","templated":true}]}}