{"id":17084,"date":"2023-11-28T09:19:50","date_gmt":"2023-11-28T09:19:50","guid":{"rendered":"https:\/\/www.floressence.ch\/product\/bellini\/"},"modified":"2026-04-04T11:51:25","modified_gmt":"2026-04-04T11:51:25","slug":"bellini","status":"publish","type":"product","link":"https:\/\/www.floressence.ch\/fr\/product\/bellini\/","title":{"rendered":"BELLINI"},"content":{"rendered":"<p>Frais comme un ap\u00e9ritif, p\u00e9tillant comme l&#039;eau de Venise sous le soleil, le parfum d&#039;ambiance Bellini propose une danse olfactive entre bergamote et p\u00eache, raisin blanc et muguet, v\u00e9tiver et gingembre, culminant dans une exp\u00e9rience vive et inoubliable.<\/p>","protected":false},"excerpt":{"rendered":"<p>Frais comme un ap\u00e9ritif, p\u00e9tillant comme l&#039;eau de Venise sous le soleil, le parfum d&#039;ambiance Bellini propose une danse olfactive entre bergamote et p\u00eache, raisin blanc et muguet, v\u00e9tiver et gingembre, culminant dans une exp\u00e9rience vive et inoubliable.<\/p>","protected":false},"featured_media":18123,"template":"","meta":{"_joinchat":[]},"product_cat":[150,149,151,29],"product_tag":[],"_links":{"self":[{"href":"https:\/\/www.floressence.ch\/fr\/wp-json\/wp\/v2\/product\/17084"}],"collection":[{"href":"https:\/\/www.floressence.ch\/fr\/wp-json\/wp\/v2\/product"}],"about":[{"href":"https:\/\/www.floressence.ch\/fr\/wp-json\/wp\/v2\/types\/product"}],"wp:featuredmedia":[{"embeddable":true,"href":"https:\/\/www.floressence.ch\/fr\/wp-json\/wp\/v2\/media\/18123"}],"wp:attachment":[{"href":"https:\/\/www.floressence.ch\/fr\/wp-json\/wp\/v2\/media?parent=17084"}],"wp:term":[{"taxonomy":"product_cat","embeddable":true,"href":"https:\/\/www.floressence.ch\/fr\/wp-json\/wp\/v2\/product_cat?post=17084"},{"taxonomy":"product_tag","embeddable":true,"href":"https:\/\/www.floressence.ch\/fr\/wp-json\/wp\/v2\/product_tag?post=17084"}],"curies":[{"name":"wp","href":"https:\/\/api.w.org\/{rel}","templated":true}]}}