{"id":17085,"date":"2023-11-28T09:19:59","date_gmt":"2023-11-28T09:19:59","guid":{"rendered":"https:\/\/www.floressence.ch\/product\/candela-rosso-nobile-tormalina\/"},"modified":"2026-04-01T12:00:28","modified_gmt":"2026-04-01T12:00:28","slug":"candela-rosso-nobile-tormalina","status":"publish","type":"product","link":"https:\/\/www.floressence.ch\/fr\/product\/bougie-tourmaline-rouge-noble\/","title":{"rendered":"BOUGIE NOBLE TOURMALINE ROUGE"},"content":{"rendered":"<p>La bougie d&#039;ameublement parfum\u00e9e Rosso Nobile est la quintessence de la Toscane. Enferm\u00e9 dans son \u00e9l\u00e9gant vase en verre tourmaline, il parfume et d\u00e9core vos espaces, d\u00e9gageant des notes de c\u0153ur de prune, de fraise et de baies. Enivrez doucement vos sens avec le parfum du bon vin rouge toscan.<\/p>","protected":false},"excerpt":{"rendered":"<p>La bougie d&#039;ameublement parfum\u00e9e Rosso Nobile est la quintessence de la Toscane. Enferm\u00e9 dans son \u00e9l\u00e9gant vase en verre tourmaline, il parfume et d\u00e9core vos espaces, d\u00e9gageant des notes de c\u0153ur de prune, de fraise et de baies. Enivrez doucement vos sens avec le parfum du bon vin rouge toscan.<\/p>","protected":false},"featured_media":18144,"template":"","meta":{"_joinchat":[]},"product_cat":[205,180,29],"product_tag":[],"_links":{"self":[{"href":"https:\/\/www.floressence.ch\/fr\/wp-json\/wp\/v2\/product\/17085"}],"collection":[{"href":"https:\/\/www.floressence.ch\/fr\/wp-json\/wp\/v2\/product"}],"about":[{"href":"https:\/\/www.floressence.ch\/fr\/wp-json\/wp\/v2\/types\/product"}],"wp:featuredmedia":[{"embeddable":true,"href":"https:\/\/www.floressence.ch\/fr\/wp-json\/wp\/v2\/media\/18144"}],"wp:attachment":[{"href":"https:\/\/www.floressence.ch\/fr\/wp-json\/wp\/v2\/media?parent=17085"}],"wp:term":[{"taxonomy":"product_cat","embeddable":true,"href":"https:\/\/www.floressence.ch\/fr\/wp-json\/wp\/v2\/product_cat?post=17085"},{"taxonomy":"product_tag","embeddable":true,"href":"https:\/\/www.floressence.ch\/fr\/wp-json\/wp\/v2\/product_tag?post=17085"}],"curies":[{"name":"wp","href":"https:\/\/api.w.org\/{rel}","templated":true}]}}