{"id":17093,"date":"2023-11-28T09:20:23","date_gmt":"2023-11-28T09:20:23","guid":{"rendered":"https:\/\/www.floressence.ch\/product\/candela-rosa-tabacco-onice\/"},"modified":"2026-03-27T08:44:37","modified_gmt":"2026-03-27T08:44:37","slug":"candela-rosa-tabacco-onice","status":"publish","type":"product","link":"https:\/\/www.floressence.ch\/fr\/product\/bougie-onyx-tabac-rose\/","title":{"rendered":"BOUGIE ONYX TABAC ROSE"},"content":{"rendered":"<p>La bougie d&#039;ameublement parfum\u00e9e Tobacco Rose a un caract\u00e8re audacieux et d\u00e9licat.<br \/>\nEnferm\u00e9 dans un pr\u00e9cieux vase en verre de couleur Onyx, il meuble et parfume vos espaces, cr\u00e9ant une atmosph\u00e8re s\u00e9duisante compos\u00e9e de notes de rose, de tabac et de violette.<\/p>","protected":false},"excerpt":{"rendered":"<p>La candela d&#8217;arredo profumata Rosa Tabacco ha un carattere audace e delicato. Racchiusa in un prezioso vaso in vetro color Onice, arreda e profuma i tuoi spazi creando tutt&#8217;attorno un&#8217;atmosfera seducente composta da note di rosa, tabacco e violetta.<\/p>","protected":false},"featured_media":18141,"template":"","meta":{"_joinchat":[]},"product_cat":[205,180,29],"product_tag":[],"_links":{"self":[{"href":"https:\/\/www.floressence.ch\/fr\/wp-json\/wp\/v2\/product\/17093"}],"collection":[{"href":"https:\/\/www.floressence.ch\/fr\/wp-json\/wp\/v2\/product"}],"about":[{"href":"https:\/\/www.floressence.ch\/fr\/wp-json\/wp\/v2\/types\/product"}],"wp:featuredmedia":[{"embeddable":true,"href":"https:\/\/www.floressence.ch\/fr\/wp-json\/wp\/v2\/media\/18141"}],"wp:attachment":[{"href":"https:\/\/www.floressence.ch\/fr\/wp-json\/wp\/v2\/media?parent=17093"}],"wp:term":[{"taxonomy":"product_cat","embeddable":true,"href":"https:\/\/www.floressence.ch\/fr\/wp-json\/wp\/v2\/product_cat?post=17093"},{"taxonomy":"product_tag","embeddable":true,"href":"https:\/\/www.floressence.ch\/fr\/wp-json\/wp\/v2\/product_tag?post=17093"}],"curies":[{"name":"wp","href":"https:\/\/api.w.org\/{rel}","templated":true}]}}