{"id":17095,"date":"2023-11-28T09:20:29","date_gmt":"2023-11-28T09:20:29","guid":{"rendered":"https:\/\/www.floressence.ch\/product\/gift-box-gold-fragranza-250-ml-candela-200-gr\/"},"modified":"2025-12-19T12:09:06","modified_gmt":"2025-12-19T12:09:06","slug":"gift-box-gold-fragranza-250-ml-candela-200-gr","status":"publish","type":"product","link":"https:\/\/www.floressence.ch\/fr\/product\/gift-box-gold-fragranza-250-ml-candela-200-gr\/","title":{"rendered":"COFFRET CADEAU OR \u2013 Parfum 250 ml + Bougie 200 gr"},"content":{"rendered":"<p>Un coffret pr\u00e9cieux d\u00e9di\u00e9 aux amateurs d&#039;ambiances enchant\u00e9es.<br \/>\nSurprenez vos proches avec leur parfum pr\u00e9f\u00e9r\u00e9 dans un merveilleux duo compos\u00e9 d&#039;un diffuseur et d&#039;une bougie.<\/p>","protected":false},"excerpt":{"rendered":"<p>Un coffret pr\u00e9cieux d\u00e9di\u00e9 aux amateurs d&#039;ambiances enchant\u00e9es. Surprenez vos proches avec leur parfum pr\u00e9f\u00e9r\u00e9 dans un merveilleux duo compos\u00e9 d&#039;un diffuseur et d&#039;une bougie.<\/p>","protected":false},"featured_media":0,"template":"","meta":{"_joinchat":[]},"product_cat":[152],"product_tag":[],"_links":{"self":[{"href":"https:\/\/www.floressence.ch\/fr\/wp-json\/wp\/v2\/product\/17095"}],"collection":[{"href":"https:\/\/www.floressence.ch\/fr\/wp-json\/wp\/v2\/product"}],"about":[{"href":"https:\/\/www.floressence.ch\/fr\/wp-json\/wp\/v2\/types\/product"}],"wp:attachment":[{"href":"https:\/\/www.floressence.ch\/fr\/wp-json\/wp\/v2\/media?parent=17095"}],"wp:term":[{"taxonomy":"product_cat","embeddable":true,"href":"https:\/\/www.floressence.ch\/fr\/wp-json\/wp\/v2\/product_cat?post=17095"},{"taxonomy":"product_tag","embeddable":true,"href":"https:\/\/www.floressence.ch\/fr\/wp-json\/wp\/v2\/product_tag?post=17095"}],"curies":[{"name":"wp","href":"https:\/\/api.w.org\/{rel}","templated":true}]}}