{"id":17097,"date":"2023-11-28T09:20:35","date_gmt":"2023-11-28T09:20:35","guid":{"rendered":"https:\/\/www.floressence.ch\/product\/gift-box-fragranza-500-ml-candela-500-gr\/"},"modified":"2025-12-30T14:43:06","modified_gmt":"2025-12-30T14:43:06","slug":"gift-box-fragranza-500-ml-candela-500-gr","status":"publish","type":"product","link":"https:\/\/www.floressence.ch\/fr\/product\/coffret-cadeau-parfum-500-ml-bougie-500-gr\/","title":{"rendered":"COFFRET CADEAU \u2013 Parfum 500 ml + Bougie 500 gr"},"content":{"rendered":"<p>Le coffret cadeau 500 ml avec bougie est un coffret cadeau pr\u00e9cieux.<br \/>\nId\u00e9al pour offrir, avec le diffuseur embl\u00e9matique, un \u00e9l\u00e9gant accessoire d&#039;ameublement de haute parfumerie.<\/p>","protected":false},"excerpt":{"rendered":"<p>Gift box 500 ml con candela \u00e8 un prezioso cofanetto regalo. Ideale per regalare, insieme all&#8217;iconico diffusore, un elegante complemento d&#8217;arredo di alta profumeria.<\/p>","protected":false},"featured_media":18051,"template":"","meta":{"_joinchat":[]},"product_cat":[152],"product_tag":[],"_links":{"self":[{"href":"https:\/\/www.floressence.ch\/fr\/wp-json\/wp\/v2\/product\/17097"}],"collection":[{"href":"https:\/\/www.floressence.ch\/fr\/wp-json\/wp\/v2\/product"}],"about":[{"href":"https:\/\/www.floressence.ch\/fr\/wp-json\/wp\/v2\/types\/product"}],"wp:featuredmedia":[{"embeddable":true,"href":"https:\/\/www.floressence.ch\/fr\/wp-json\/wp\/v2\/media\/18051"}],"wp:attachment":[{"href":"https:\/\/www.floressence.ch\/fr\/wp-json\/wp\/v2\/media?parent=17097"}],"wp:term":[{"taxonomy":"product_cat","embeddable":true,"href":"https:\/\/www.floressence.ch\/fr\/wp-json\/wp\/v2\/product_cat?post=17097"},{"taxonomy":"product_tag","embeddable":true,"href":"https:\/\/www.floressence.ch\/fr\/wp-json\/wp\/v2\/product_tag?post=17097"}],"curies":[{"name":"wp","href":"https:\/\/api.w.org\/{rel}","templated":true}]}}