{"id":17107,"date":"2023-11-28T09:21:04","date_gmt":"2023-11-28T09:21:04","guid":{"rendered":"https:\/\/www.floressence.ch\/product\/rosa-tabacco\/"},"modified":"2026-04-16T08:24:31","modified_gmt":"2026-04-16T08:24:31","slug":"rosa-tabacco","status":"publish","type":"product","link":"https:\/\/www.floressence.ch\/fr\/product\/rose-tabac\/","title":{"rendered":"ROSE TABAC"},"content":{"rendered":"<p>Le parfum d&#039;ambiance Rosa Tabacco est une rencontre inattendue.<br \/>\n\u00c9l\u00e9gante et d\u00e9licate comme une rose, chaleureuse et audacieuse comme le tabac, Rosa Tabacco du Dr Vranjes Firenze est une exp\u00e9rience olfactive surprenante et extravagante.<\/p>","protected":false},"excerpt":{"rendered":"<p>La fragranza d&#8217;ambiente Rosa Tabacco \u00e8 un incontro inaspettato. Elegante e delicata come una rosa, calda e audace come il tabacco, Rosa Tabacco di Dr. Vranjes Firenze \u00e8 un&#8217;esperienza olfattiva sorprendente e stravagante.<\/p>","protected":false},"featured_media":18107,"template":"","meta":{"_joinchat":[]},"product_cat":[150,149,151,29],"product_tag":[],"_links":{"self":[{"href":"https:\/\/www.floressence.ch\/fr\/wp-json\/wp\/v2\/product\/17107"}],"collection":[{"href":"https:\/\/www.floressence.ch\/fr\/wp-json\/wp\/v2\/product"}],"about":[{"href":"https:\/\/www.floressence.ch\/fr\/wp-json\/wp\/v2\/types\/product"}],"wp:featuredmedia":[{"embeddable":true,"href":"https:\/\/www.floressence.ch\/fr\/wp-json\/wp\/v2\/media\/18107"}],"wp:attachment":[{"href":"https:\/\/www.floressence.ch\/fr\/wp-json\/wp\/v2\/media?parent=17107"}],"wp:term":[{"taxonomy":"product_cat","embeddable":true,"href":"https:\/\/www.floressence.ch\/fr\/wp-json\/wp\/v2\/product_cat?post=17107"},{"taxonomy":"product_tag","embeddable":true,"href":"https:\/\/www.floressence.ch\/fr\/wp-json\/wp\/v2\/product_tag?post=17107"}],"curies":[{"name":"wp","href":"https:\/\/api.w.org\/{rel}","templated":true}]}}