{"id":17111,"date":"2023-11-28T09:21:16","date_gmt":"2023-11-28T09:21:16","guid":{"rendered":"https:\/\/www.floressence.ch\/product\/albero-di-natale\/"},"modified":"2026-04-13T11:03:31","modified_gmt":"2026-04-13T11:03:31","slug":"albero-di-natale","status":"publish","type":"product","link":"https:\/\/www.floressence.ch\/fr\/product\/sapin-de-noel\/","title":{"rendered":"SAPIN DE NO\u00cbL"},"content":{"rendered":"<p>Le diffuseur exclusif de parfum Sapin de No\u00ebl r\u00e9chauffe et remplit le c\u0153ur de joie, comme la maison.<br \/>\nDes notes d&#039;anis \u00e9toil\u00e9, de chlorophylle, de bois et de r\u00e9sine de pin, de menthe sauvage et de mousse des sous-bois s&#039;associent pour capter la magie des vacances dans un parfum particulier et \u00e9vocateur toute l&#039;ann\u00e9e.<\/p>","protected":false},"excerpt":{"rendered":"<p>L&#8217;esclusivo diffusore di fragranza Albero di Natale scalda e riempie di gioia il cuore, come la casa. Le note di anice stellato, clorofilla, legno e resina di pino, menta selvatica e muschi di sottobosco si uniscono per catturare la magia delle feste in una fragranza speciale ed evocativa per tutto l&#8217;anno.<\/p>","protected":false},"featured_media":18108,"template":"","meta":{"_joinchat":[]},"product_cat":[150,149,151,29],"product_tag":[],"_links":{"self":[{"href":"https:\/\/www.floressence.ch\/fr\/wp-json\/wp\/v2\/product\/17111"}],"collection":[{"href":"https:\/\/www.floressence.ch\/fr\/wp-json\/wp\/v2\/product"}],"about":[{"href":"https:\/\/www.floressence.ch\/fr\/wp-json\/wp\/v2\/types\/product"}],"wp:featuredmedia":[{"embeddable":true,"href":"https:\/\/www.floressence.ch\/fr\/wp-json\/wp\/v2\/media\/18108"}],"wp:attachment":[{"href":"https:\/\/www.floressence.ch\/fr\/wp-json\/wp\/v2\/media?parent=17111"}],"wp:term":[{"taxonomy":"product_cat","embeddable":true,"href":"https:\/\/www.floressence.ch\/fr\/wp-json\/wp\/v2\/product_cat?post=17111"},{"taxonomy":"product_tag","embeddable":true,"href":"https:\/\/www.floressence.ch\/fr\/wp-json\/wp\/v2\/product_tag?post=17111"}],"curies":[{"name":"wp","href":"https:\/\/api.w.org\/{rel}","templated":true}]}}