{"id":17112,"date":"2023-11-28T09:21:19","date_gmt":"2023-11-28T09:21:19","guid":{"rendered":"https:\/\/www.floressence.ch\/product\/arancio-uva-rossa\/"},"modified":"2026-04-15T10:04:34","modified_gmt":"2026-04-15T10:04:34","slug":"arancio-uva-rossa","status":"publish","type":"product","link":"https:\/\/www.floressence.ch\/fr\/product\/raisins-rouges-oranges\/","title":{"rendered":"RAISIN ROUGE ORANGE"},"content":{"rendered":"<p>Toujours frais et invitant, Arancio Uva Rossa est un hommage aux r\u00e9coltes toscanes.<br \/>\nCe parfum d&#039;ambiance vous accueillera en r\u00e9chauffant les sens, gr\u00e2ce aux accords harmonieux parmi lesquels se d\u00e9tachent l&#039;orange am\u00e8re, les raisins rouges, la cannelle et la violette.<\/p>","protected":false},"excerpt":{"rendered":"<p>Toujours frais et invitant, Arancio Uva Rossa est un hommage aux r\u00e9coltes toscanes. Ce parfum d&#039;ambiance vous accueillera en r\u00e9chauffant les sens, gr\u00e2ce aux accords harmonieux parmi lesquels se d\u00e9tachent l&#039;orange am\u00e8re, les raisins rouges, la cannelle et la violette.<\/p>","protected":false},"featured_media":18122,"template":"","meta":{"_joinchat":[]},"product_cat":[150,149,151,29],"product_tag":[],"_links":{"self":[{"href":"https:\/\/www.floressence.ch\/fr\/wp-json\/wp\/v2\/product\/17112"}],"collection":[{"href":"https:\/\/www.floressence.ch\/fr\/wp-json\/wp\/v2\/product"}],"about":[{"href":"https:\/\/www.floressence.ch\/fr\/wp-json\/wp\/v2\/types\/product"}],"wp:featuredmedia":[{"embeddable":true,"href":"https:\/\/www.floressence.ch\/fr\/wp-json\/wp\/v2\/media\/18122"}],"wp:attachment":[{"href":"https:\/\/www.floressence.ch\/fr\/wp-json\/wp\/v2\/media?parent=17112"}],"wp:term":[{"taxonomy":"product_cat","embeddable":true,"href":"https:\/\/www.floressence.ch\/fr\/wp-json\/wp\/v2\/product_cat?post=17112"},{"taxonomy":"product_tag","embeddable":true,"href":"https:\/\/www.floressence.ch\/fr\/wp-json\/wp\/v2\/product_tag?post=17112"}],"curies":[{"name":"wp","href":"https:\/\/api.w.org\/{rel}","templated":true}]}}