{"id":17113,"date":"2023-11-28T09:21:22","date_gmt":"2023-11-28T09:21:22","guid":{"rendered":"https:\/\/www.floressence.ch\/product\/arancio-cannella\/"},"modified":"2026-04-02T07:57:27","modified_gmt":"2026-04-02T07:57:27","slug":"arancio-cannella","status":"publish","type":"product","link":"https:\/\/www.floressence.ch\/fr\/product\/cannelle-orange\/","title":{"rendered":"ORANGE CANELLE"},"content":{"rendered":"<p>Des \u00e9pices et des fruits m\u00fbrs r\u00e9chauff\u00e9s par le soleil, pour cr\u00e9er un d\u00e9cor unique et lumineux.<br \/>\nArancio Canella est un parfum, ou plut\u00f4t un po\u00e8me \u00e9crit avec de la cannelle et des \u00e9corces d&#039;orange am\u00e8re pour donner vie \u00e0 des \u00e9motions confortables et relaxantes.<\/p>","protected":false},"excerpt":{"rendered":"<p>Spezie e frutti maturi riscaldati dal sole, per creare un&#8217;ambientazione unica e luminosa. Arancio Canella \u00e8 una fragranza, anzi una poesia scritta con la cannella e le scorze d&#8217;arancia amara per dar vita ad emozioni confortevoli e rilassanti.<\/p>","protected":false},"featured_media":18128,"template":"","meta":{"_joinchat":[]},"product_cat":[150,149,151,29],"product_tag":[],"_links":{"self":[{"href":"https:\/\/www.floressence.ch\/fr\/wp-json\/wp\/v2\/product\/17113"}],"collection":[{"href":"https:\/\/www.floressence.ch\/fr\/wp-json\/wp\/v2\/product"}],"about":[{"href":"https:\/\/www.floressence.ch\/fr\/wp-json\/wp\/v2\/types\/product"}],"wp:featuredmedia":[{"embeddable":true,"href":"https:\/\/www.floressence.ch\/fr\/wp-json\/wp\/v2\/media\/18128"}],"wp:attachment":[{"href":"https:\/\/www.floressence.ch\/fr\/wp-json\/wp\/v2\/media?parent=17113"}],"wp:term":[{"taxonomy":"product_cat","embeddable":true,"href":"https:\/\/www.floressence.ch\/fr\/wp-json\/wp\/v2\/product_cat?post=17113"},{"taxonomy":"product_tag","embeddable":true,"href":"https:\/\/www.floressence.ch\/fr\/wp-json\/wp\/v2\/product_tag?post=17113"}],"curies":[{"name":"wp","href":"https:\/\/api.w.org\/{rel}","templated":true}]}}