{"id":17116,"date":"2023-11-28T09:21:31","date_gmt":"2023-11-28T09:21:31","guid":{"rendered":"https:\/\/www.floressence.ch\/product\/fuoco\/"},"modified":"2026-04-02T11:01:27","modified_gmt":"2026-04-02T11:01:27","slug":"fuoco","status":"publish","type":"product","link":"https:\/\/www.floressence.ch\/fr\/product\/feu\/","title":{"rendered":"FEU"},"content":{"rendered":"<p>Fuoco a une personnalit\u00e9 chaleureuse et enveloppante, son parfum vous accueille \u00e0 bras ouverts.<br \/>\nIlluminez vos sens avec les notes de bois de santal, d&#039;anis \u00e9toil\u00e9 et de clou de girofle que le parfum d&#039;ambiance Fuoco lib\u00e9rera pour vous.<\/p>","protected":false},"excerpt":{"rendered":"<p>Fuoco a une personnalit\u00e9 chaleureuse et enveloppante, son parfum vous accueille \u00e0 bras ouverts. Illuminez vos sens avec les notes de bois de santal, d&#039;anis \u00e9toil\u00e9 et de clou de girofle que le parfum d&#039;ambiance Fuoco lib\u00e9rera pour vous.<\/p>","protected":false},"featured_media":18132,"template":"","meta":{"_joinchat":[]},"product_cat":[150,149,151,29],"product_tag":[],"_links":{"self":[{"href":"https:\/\/www.floressence.ch\/fr\/wp-json\/wp\/v2\/product\/17116"}],"collection":[{"href":"https:\/\/www.floressence.ch\/fr\/wp-json\/wp\/v2\/product"}],"about":[{"href":"https:\/\/www.floressence.ch\/fr\/wp-json\/wp\/v2\/types\/product"}],"wp:featuredmedia":[{"embeddable":true,"href":"https:\/\/www.floressence.ch\/fr\/wp-json\/wp\/v2\/media\/18132"}],"wp:attachment":[{"href":"https:\/\/www.floressence.ch\/fr\/wp-json\/wp\/v2\/media?parent=17116"}],"wp:term":[{"taxonomy":"product_cat","embeddable":true,"href":"https:\/\/www.floressence.ch\/fr\/wp-json\/wp\/v2\/product_cat?post=17116"},{"taxonomy":"product_tag","embeddable":true,"href":"https:\/\/www.floressence.ch\/fr\/wp-json\/wp\/v2\/product_tag?post=17116"}],"curies":[{"name":"wp","href":"https:\/\/api.w.org\/{rel}","templated":true}]}}