{"id":17121,"date":"2023-11-28T09:21:46","date_gmt":"2023-11-28T09:21:46","guid":{"rendered":"https:\/\/www.floressence.ch\/product\/italia\/"},"modified":"2026-02-18T09:56:22","modified_gmt":"2026-02-18T09:56:22","slug":"italia","status":"publish","type":"product","link":"https:\/\/www.floressence.ch\/fr\/product\/italie\/","title":{"rendered":"ITALIE"},"content":{"rendered":"<p>Le diffuseur de parfum Italia est un hymne \u00e0 la beaut\u00e9 du Bel Paese.<br \/>\nUn hommage \u00e0 la personnalit\u00e9 exub\u00e9rante et \u00e9ternellement \u00e9l\u00e9gante de ses habitants.<br \/>\nMenthe Seltica, gingembre et bergamote s&#039;associent dans un cocktail vif et joyeux qui lib\u00e9rera \u00e9nergie et luminosit\u00e9 dans votre espace de vie.<\/p>","protected":false},"excerpt":{"rendered":"<p>Le diffuseur de parfum Italia est un hymne \u00e0 la beaut\u00e9 du Bel Paese. Un hommage \u00e0 la personnalit\u00e9 exub\u00e9rante et \u00e9ternellement \u00e9l\u00e9gante de ses habitants. Menthe Seltica, gingembre et bergamote s&#039;associent dans un cocktail vif et joyeux qui lib\u00e9rera \u00e9nergie et luminosit\u00e9 dans votre espace de vie.<\/p>","protected":false},"featured_media":18077,"template":"","meta":{"_joinchat":[]},"product_cat":[150,149,151,29],"product_tag":[],"_links":{"self":[{"href":"https:\/\/www.floressence.ch\/fr\/wp-json\/wp\/v2\/product\/17121"}],"collection":[{"href":"https:\/\/www.floressence.ch\/fr\/wp-json\/wp\/v2\/product"}],"about":[{"href":"https:\/\/www.floressence.ch\/fr\/wp-json\/wp\/v2\/types\/product"}],"wp:featuredmedia":[{"embeddable":true,"href":"https:\/\/www.floressence.ch\/fr\/wp-json\/wp\/v2\/media\/18077"}],"wp:attachment":[{"href":"https:\/\/www.floressence.ch\/fr\/wp-json\/wp\/v2\/media?parent=17121"}],"wp:term":[{"taxonomy":"product_cat","embeddable":true,"href":"https:\/\/www.floressence.ch\/fr\/wp-json\/wp\/v2\/product_cat?post=17121"},{"taxonomy":"product_tag","embeddable":true,"href":"https:\/\/www.floressence.ch\/fr\/wp-json\/wp\/v2\/product_tag?post=17121"}],"curies":[{"name":"wp","href":"https:\/\/api.w.org\/{rel}","templated":true}]}}