{"id":17122,"date":"2023-11-28T09:21:49","date_gmt":"2023-11-28T09:21:49","guid":{"rendered":"https:\/\/www.floressence.ch\/product\/magnolia-orchidea\/"},"modified":"2026-04-11T12:22:25","modified_gmt":"2026-04-11T12:22:25","slug":"magnolia-orchidea","status":"publish","type":"product","link":"https:\/\/www.floressence.ch\/fr\/product\/orchidee-magnolia\/","title":{"rendered":"ORCHID\u00c9E MAGNOLIA"},"content":{"rendered":"<p>Magnolia Orchidea est une douce symphonie florale pour les sens : un m\u00e9lange de pr\u00e9cieuses fleurs de magnolia et d&#039;orchid\u00e9es rehauss\u00e9es par une touche de n\u00e9roli, de mimosa, de muguet, d&#039;ylang ylang et de lierre. Ce diffuseur d&#039;ambiance embl\u00e9matique vous racontera une histoire qui commence avec une seule orchid\u00e9e.<\/p>","protected":false},"excerpt":{"rendered":"<p>Magnolia Orchidea est une douce symphonie florale pour les sens : un m\u00e9lange de pr\u00e9cieuses fleurs de magnolia et d&#039;orchid\u00e9es rehauss\u00e9es par une touche de n\u00e9roli, de mimosa, de muguet, d&#039;ylang ylang et de lierre. Ce diffuseur d&#039;ambiance embl\u00e9matique vous racontera une histoire qui commence avec une seule orchid\u00e9e.<\/p>","protected":false},"featured_media":18117,"template":"","meta":{"_joinchat":[]},"product_cat":[150,149,151,29],"product_tag":[],"_links":{"self":[{"href":"https:\/\/www.floressence.ch\/fr\/wp-json\/wp\/v2\/product\/17122"}],"collection":[{"href":"https:\/\/www.floressence.ch\/fr\/wp-json\/wp\/v2\/product"}],"about":[{"href":"https:\/\/www.floressence.ch\/fr\/wp-json\/wp\/v2\/types\/product"}],"wp:featuredmedia":[{"embeddable":true,"href":"https:\/\/www.floressence.ch\/fr\/wp-json\/wp\/v2\/media\/18117"}],"wp:attachment":[{"href":"https:\/\/www.floressence.ch\/fr\/wp-json\/wp\/v2\/media?parent=17122"}],"wp:term":[{"taxonomy":"product_cat","embeddable":true,"href":"https:\/\/www.floressence.ch\/fr\/wp-json\/wp\/v2\/product_cat?post=17122"},{"taxonomy":"product_tag","embeddable":true,"href":"https:\/\/www.floressence.ch\/fr\/wp-json\/wp\/v2\/product_tag?post=17122"}],"curies":[{"name":"wp","href":"https:\/\/api.w.org\/{rel}","templated":true}]}}