{"id":17201,"date":"2023-11-28T09:33:33","date_gmt":"2023-11-28T09:33:33","guid":{"rendered":"https:\/\/www.floressence.ch\/product\/lamparfum-vetro-viola\/"},"modified":"2024-12-01T13:42:39","modified_gmt":"2024-12-01T13:42:39","slug":"lamparfum-vetro-viola","status":"publish","type":"product","link":"https:\/\/www.floressence.ch\/fr\/product\/verre-violet-lamparfum\/","title":{"rendered":"VERRE VIOLET LAMPARFUM"},"content":{"rendered":"<p>L&#039;\u00e9l\u00e9gance intemporelle du Purple Glass Lamparfum du Dr Vranjes Firenze ajoute non seulement une touche de design contemporain \u00e0 n&#039;importe quel environnement, mais vous permet \u00e9galement d&#039;\u00e9liminer rapidement les odeurs et de parfumer les pi\u00e8ces.<\/p>","protected":false},"excerpt":{"rendered":"<p>L&#039;\u00e9l\u00e9gance intemporelle du Purple Glass Lamparfum du Dr Vranjes Firenze ajoute non seulement une touche de design contemporain \u00e0 n&#039;importe quel environnement, mais vous permet \u00e9galement d&#039;\u00e9liminer rapidement les odeurs et de parfumer les pi\u00e8ces.<\/p>","protected":false},"featured_media":17199,"template":"","meta":{"_joinchat":[]},"product_cat":[193,29,73],"product_tag":[],"_links":{"self":[{"href":"https:\/\/www.floressence.ch\/fr\/wp-json\/wp\/v2\/product\/17201"}],"collection":[{"href":"https:\/\/www.floressence.ch\/fr\/wp-json\/wp\/v2\/product"}],"about":[{"href":"https:\/\/www.floressence.ch\/fr\/wp-json\/wp\/v2\/types\/product"}],"wp:featuredmedia":[{"embeddable":true,"href":"https:\/\/www.floressence.ch\/fr\/wp-json\/wp\/v2\/media\/17199"}],"wp:attachment":[{"href":"https:\/\/www.floressence.ch\/fr\/wp-json\/wp\/v2\/media?parent=17201"}],"wp:term":[{"taxonomy":"product_cat","embeddable":true,"href":"https:\/\/www.floressence.ch\/fr\/wp-json\/wp\/v2\/product_cat?post=17201"},{"taxonomy":"product_tag","embeddable":true,"href":"https:\/\/www.floressence.ch\/fr\/wp-json\/wp\/v2\/product_tag?post=17201"}],"curies":[{"name":"wp","href":"https:\/\/api.w.org\/{rel}","templated":true}]}}