{"id":17488,"date":"2023-11-28T10:13:42","date_gmt":"2023-11-28T10:13:42","guid":{"rendered":"https:\/\/www.floressence.ch\/product\/hair-mist-ambra\/"},"modified":"2025-05-30T12:39:53","modified_gmt":"2025-05-30T12:39:53","slug":"hair-mist-ambra","status":"publish","type":"product","link":"https:\/\/www.floressence.ch\/fr\/product\/brume-capillaire-ambre\/","title":{"rendered":"BRUME CHEVEUX AMBRE"},"content":{"rendered":"<p>La Brume Capillaire du Dr Vranjes Firenze est une laque parfum\u00e9e qui les enveloppe d&#039;un nuage de parfum longue dur\u00e9e, sans les alourdir.<br \/>\nGr\u00e2ce \u00e0 sa formule compos\u00e9e de fleurs de coco et de Tiar\u00e9, vos cheveux seront brillants, rafra\u00eechis et parfum\u00e9s toute la journ\u00e9e.<\/p>","protected":false},"excerpt":{"rendered":"<p>L&#8217;Hair Mist di Dr. Vranjes Firenze \u00e9 uno spray profumato per capelli che li avvolge in una nuvola di profumo a lunga durata, senza appesantirli. Grazie alla sua formula composta da fiori di cocco e Tiar\u00e9, i tuoi capelli risulteranno brillanti, rinfrescati e profumati per tutto il giorno.<\/p>","protected":false},"featured_media":17485,"template":"","meta":{"_joinchat":[]},"product_cat":[154,173,153],"product_tag":[],"_links":{"self":[{"href":"https:\/\/www.floressence.ch\/fr\/wp-json\/wp\/v2\/product\/17488"}],"collection":[{"href":"https:\/\/www.floressence.ch\/fr\/wp-json\/wp\/v2\/product"}],"about":[{"href":"https:\/\/www.floressence.ch\/fr\/wp-json\/wp\/v2\/types\/product"}],"wp:featuredmedia":[{"embeddable":true,"href":"https:\/\/www.floressence.ch\/fr\/wp-json\/wp\/v2\/media\/17485"}],"wp:attachment":[{"href":"https:\/\/www.floressence.ch\/fr\/wp-json\/wp\/v2\/media?parent=17488"}],"wp:term":[{"taxonomy":"product_cat","embeddable":true,"href":"https:\/\/www.floressence.ch\/fr\/wp-json\/wp\/v2\/product_cat?post=17488"},{"taxonomy":"product_tag","embeddable":true,"href":"https:\/\/www.floressence.ch\/fr\/wp-json\/wp\/v2\/product_tag?post=17488"}],"curies":[{"name":"wp","href":"https:\/\/api.w.org\/{rel}","templated":true}]}}