{"id":17496,"date":"2023-11-28T10:14:35","date_gmt":"2023-11-28T10:14:35","guid":{"rendered":"https:\/\/www.floressence.ch\/product\/body-lotion-peonia-black-jasmine\/"},"modified":"2026-01-26T16:41:07","modified_gmt":"2026-01-26T16:41:07","slug":"body-lotion-peonia-black-jasmine","status":"publish","type":"product","link":"https:\/\/www.floressence.ch\/fr\/product\/lotion-pour-le-corps-pivoine-jasmin-noir\/","title":{"rendered":"LAIT CORPS PIVOINE JASMIN NOIR"},"content":{"rendered":"<p>La lotion pour le corps du Dr Vranjes Firenze r\u00e9veille votre peau avec des nutriments et lui offre un doux soin parfum\u00e9.<br \/>\nRiche en vitamine E, le Lait Corps donne \u00e0 votre peau un effet lumineux.<\/p>","protected":false},"excerpt":{"rendered":"<p>La lotion pour le corps du Dr Vranjes Firenze r\u00e9veille votre peau avec des nutriments et lui offre un doux soin parfum\u00e9. Riche en vitamine E, le Lait Corps donne \u00e0 votre peau un effet lumineux.<\/p>","protected":false},"featured_media":17493,"template":"","meta":{"_joinchat":[]},"product_cat":[154,172,153],"product_tag":[],"_links":{"self":[{"href":"https:\/\/www.floressence.ch\/fr\/wp-json\/wp\/v2\/product\/17496"}],"collection":[{"href":"https:\/\/www.floressence.ch\/fr\/wp-json\/wp\/v2\/product"}],"about":[{"href":"https:\/\/www.floressence.ch\/fr\/wp-json\/wp\/v2\/types\/product"}],"wp:featuredmedia":[{"embeddable":true,"href":"https:\/\/www.floressence.ch\/fr\/wp-json\/wp\/v2\/media\/17493"}],"wp:attachment":[{"href":"https:\/\/www.floressence.ch\/fr\/wp-json\/wp\/v2\/media?parent=17496"}],"wp:term":[{"taxonomy":"product_cat","embeddable":true,"href":"https:\/\/www.floressence.ch\/fr\/wp-json\/wp\/v2\/product_cat?post=17496"},{"taxonomy":"product_tag","embeddable":true,"href":"https:\/\/www.floressence.ch\/fr\/wp-json\/wp\/v2\/product_tag?post=17496"}],"curies":[{"name":"wp","href":"https:\/\/api.w.org\/{rel}","templated":true}]}}