{"id":17903,"date":"2023-11-28T10:51:55","date_gmt":"2023-11-28T10:51:55","guid":{"rendered":"https:\/\/www.floressence.ch\/product\/eau-de-parfum-milano-100-ml\/"},"modified":"2025-10-15T15:54:05","modified_gmt":"2025-10-15T15:54:05","slug":"eau-de-parfum-milano-100-ml","status":"publish","type":"product","link":"https:\/\/www.floressence.ch\/fr\/product\/eau-de-parfum-milan-100-ml\/","title":{"rendered":"Eau De Parfum MILANO 100 ml"},"content":{"rendered":"<p>L&#039;Eau de Parfum Milano sophistiqu\u00e9e a un caract\u00e8re raffin\u00e9 et dynamique, \u00e0 l&#039;image de la ville qui lui donne son nom.<br \/>\nLes notes de fleur d&#039;oranger et de cypr\u00e8s, de bois de santal et de patchouli vous captiveront dans des vibrations \u00e9nerg\u00e9tiques, vous faisant ressentir le rythme de la m\u00e9tropole.<\/p>","protected":false},"excerpt":{"rendered":"<p>L&#039;Eau de Parfum Milano sophistiqu\u00e9e a un caract\u00e8re raffin\u00e9 et dynamique, \u00e0 l&#039;image de la ville qui lui donne son nom. Les notes de fleur d&#039;oranger et de cypr\u00e8s, de bois de santal et de patchouli vous captiveront dans des vibrations \u00e9nerg\u00e9tiques, vous faisant ressentir le rythme de la m\u00e9tropole.<\/p>","protected":false},"featured_media":17899,"template":"","meta":{"_joinchat":[]},"product_cat":[182,153],"product_tag":[],"_links":{"self":[{"href":"https:\/\/www.floressence.ch\/fr\/wp-json\/wp\/v2\/product\/17903"}],"collection":[{"href":"https:\/\/www.floressence.ch\/fr\/wp-json\/wp\/v2\/product"}],"about":[{"href":"https:\/\/www.floressence.ch\/fr\/wp-json\/wp\/v2\/types\/product"}],"wp:featuredmedia":[{"embeddable":true,"href":"https:\/\/www.floressence.ch\/fr\/wp-json\/wp\/v2\/media\/17899"}],"wp:attachment":[{"href":"https:\/\/www.floressence.ch\/fr\/wp-json\/wp\/v2\/media?parent=17903"}],"wp:term":[{"taxonomy":"product_cat","embeddable":true,"href":"https:\/\/www.floressence.ch\/fr\/wp-json\/wp\/v2\/product_cat?post=17903"},{"taxonomy":"product_tag","embeddable":true,"href":"https:\/\/www.floressence.ch\/fr\/wp-json\/wp\/v2\/product_tag?post=17903"}],"curies":[{"name":"wp","href":"https:\/\/api.w.org\/{rel}","templated":true}]}}