{"id":17908,"date":"2023-11-28T10:52:44","date_gmt":"2023-11-28T10:52:44","guid":{"rendered":"https:\/\/www.floressence.ch\/product\/eau-de-parfum-leather-oud-100-ml\/"},"modified":"2026-03-05T17:07:07","modified_gmt":"2026-03-05T17:07:07","slug":"eau-de-parfum-leather-oud-100-ml","status":"publish","type":"product","link":"https:\/\/www.floressence.ch\/fr\/product\/eau-de-parfum-cuir-oud-100-ml\/","title":{"rendered":"Eau De Parfum CUIR OUD 100 ml"},"content":{"rendered":"<p>L&#039;Eau de Parfum originale Leather Oud a une personnalit\u00e9 intense et luxuriante, exotique et enveloppante compos\u00e9e de oud du Moyen-Orient, de cuir toscan, de rose, de muguet, de framboise, d&#039;encens, de musc, de vanille et d&#039;ambre.<br \/>\nLeather Oud du Dr Vranjes Firenze c\u00e9l\u00e8bre la beaut\u00e9 de l&#039;\u00eatre humain dans un parfum.<\/p>","protected":false},"excerpt":{"rendered":"<p>L&#8217;originale Eau de Parfum Leather Oud ha una personalit\u00e0 intensa e lussureggiante, esotica e avvolgente composta da oud mediorientale, cuoio toscano, rosa, mughetto, lampone, incenso, muschio, vaniglia e ambra. Leather Oud di Dr. Vranjes Firenze celebra in un profumo, la bellezza dell\u2019essere umano.<\/p>","protected":false},"featured_media":17904,"template":"","meta":{"_joinchat":[]},"product_cat":[182,153],"product_tag":[],"_links":{"self":[{"href":"https:\/\/www.floressence.ch\/fr\/wp-json\/wp\/v2\/product\/17908"}],"collection":[{"href":"https:\/\/www.floressence.ch\/fr\/wp-json\/wp\/v2\/product"}],"about":[{"href":"https:\/\/www.floressence.ch\/fr\/wp-json\/wp\/v2\/types\/product"}],"wp:featuredmedia":[{"embeddable":true,"href":"https:\/\/www.floressence.ch\/fr\/wp-json\/wp\/v2\/media\/17904"}],"wp:attachment":[{"href":"https:\/\/www.floressence.ch\/fr\/wp-json\/wp\/v2\/media?parent=17908"}],"wp:term":[{"taxonomy":"product_cat","embeddable":true,"href":"https:\/\/www.floressence.ch\/fr\/wp-json\/wp\/v2\/product_cat?post=17908"},{"taxonomy":"product_tag","embeddable":true,"href":"https:\/\/www.floressence.ch\/fr\/wp-json\/wp\/v2\/product_tag?post=17908"}],"curies":[{"name":"wp","href":"https:\/\/api.w.org\/{rel}","templated":true}]}}