{"id":17913,"date":"2023-11-28T10:53:31","date_gmt":"2023-11-28T10:53:31","guid":{"rendered":"https:\/\/www.floressence.ch\/product\/eau-de-parfum-ginger-lime-100-ml\/"},"modified":"2026-01-26T16:49:05","modified_gmt":"2026-01-26T16:49:05","slug":"eau-de-parfum-ginger-lime-100-ml","status":"publish","type":"product","link":"https:\/\/www.floressence.ch\/fr\/product\/eau-de-parfum-gingembre-citron-vert-100-ml\/","title":{"rendered":"Eau De Parfum GINGEMBRE LIME 100 ml"},"content":{"rendered":"<p>La joyeuse Eau de Parfum Ginger Lime exprime son caract\u00e8re \u00e9nergique et ensoleill\u00e9.<br \/>\nIl vous s\u00e9duira par ses notes vives de citron et son c\u0153ur \u00e9pic\u00e9 de gingembre.<br \/>\nSuscitant un dynamisme imm\u00e9diat, Ginger Lime du Dr Vranjes Firenze vous accompagnera tout au long de la journ\u00e9e.<\/p>","protected":false},"excerpt":{"rendered":"<p>La joyeuse Eau de Parfum Ginger Lime exprime son caract\u00e8re \u00e9nergique et ensoleill\u00e9. Il vous s\u00e9duira par ses notes vives de citron et son c\u0153ur \u00e9pic\u00e9 de gingembre. Suscitant un dynamisme imm\u00e9diat, Ginger Lime du Dr Vranjes Firenze vous accompagnera tout au long de la journ\u00e9e.<\/p>","protected":false},"featured_media":17909,"template":"","meta":{"_joinchat":[]},"product_cat":[182,153],"product_tag":[],"_links":{"self":[{"href":"https:\/\/www.floressence.ch\/fr\/wp-json\/wp\/v2\/product\/17913"}],"collection":[{"href":"https:\/\/www.floressence.ch\/fr\/wp-json\/wp\/v2\/product"}],"about":[{"href":"https:\/\/www.floressence.ch\/fr\/wp-json\/wp\/v2\/types\/product"}],"wp:featuredmedia":[{"embeddable":true,"href":"https:\/\/www.floressence.ch\/fr\/wp-json\/wp\/v2\/media\/17909"}],"wp:attachment":[{"href":"https:\/\/www.floressence.ch\/fr\/wp-json\/wp\/v2\/media?parent=17913"}],"wp:term":[{"taxonomy":"product_cat","embeddable":true,"href":"https:\/\/www.floressence.ch\/fr\/wp-json\/wp\/v2\/product_cat?post=17913"},{"taxonomy":"product_tag","embeddable":true,"href":"https:\/\/www.floressence.ch\/fr\/wp-json\/wp\/v2\/product_tag?post=17913"}],"curies":[{"name":"wp","href":"https:\/\/api.w.org\/{rel}","templated":true}]}}